{"id":34,"date":"2023-11-20T12:55:14","date_gmt":"2023-11-20T17:55:14","guid":{"rendered":"https:\/\/rrmlegal.com\/?page_id=34"},"modified":"2024-01-15T09:15:31","modified_gmt":"2024-01-15T14:15:31","slug":"nosotros","status":"publish","type":"page","link":"https:\/\/rrmlegal.com\/en\/nosotros\/","title":{"rendered":"About Us"},"content":{"rendered":"<div data-elementor-type=\"wp-page\" data-elementor-id=\"34\" class=\"elementor elementor-34\">\n\t\t\t\t\t\t<section class=\"elementor-section elementor-top-section elementor-element elementor-element-3609c92 elementor-section-height-min-height elementor-section-content-middle elementor-section-stretched elementor-section-boxed elementor-section-height-default elementor-section-items-middle\" data-id=\"3609c92\" data-element_type=\"section\" data-settings=\"{&quot;stretch_section&quot;:&quot;section-stretched&quot;,&quot;background_background&quot;:&quot;classic&quot;}\">\n\t\t\t\t\t\t<div class=\"elementor-container elementor-column-gap-default\">\n\t\t\t\t\t<div class=\"elementor-column elementor-col-100 elementor-top-column elementor-element elementor-element-46a7bdf\" data-id=\"46a7bdf\" data-element_type=\"column\">\n\t\t\t<div class=\"elementor-widget-wrap elementor-element-populated\">\n\t\t\t\t\t\t<div class=\"elementor-element elementor-element-7c4e907 elementor-widget elementor-widget-heading\" data-id=\"7c4e907\" data-element_type=\"widget\" data-widget_type=\"heading.default\">\n\t\t\t\t<div class=\"elementor-widget-container\">\n\t\t\t<style>\/*! elementor - v3.22.0 - 24-06-2024 *\/\n.elementor-heading-title{padding:0;margin:0;line-height:1}.elementor-widget-heading .elementor-heading-title[class*=elementor-size-]>a{color:inherit;font-size:inherit;line-height:inherit}.elementor-widget-heading .elementor-heading-title.elementor-size-small{font-size:15px}.elementor-widget-heading .elementor-heading-title.elementor-size-medium{font-size:19px}.elementor-widget-heading .elementor-heading-title.elementor-size-large{font-size:29px}.elementor-widget-heading .elementor-heading-title.elementor-size-xl{font-size:39px}.elementor-widget-heading .elementor-heading-title.elementor-size-xxl{font-size:59px}<\/style><h1 class=\"elementor-heading-title elementor-size-default\">About Us<\/h1>\t\t<\/div>\n\t\t\t\t<\/div>\n\t\t\t\t\t<\/div>\n\t\t<\/div>\n\t\t\t\t\t<\/div>\n\t\t<\/section>\n\t\t\t\t<section class=\"elementor-section elementor-top-section elementor-element elementor-element-1928b29 elementor-section-content-middle elementor-section-boxed elementor-section-height-default elementor-section-height-default\" data-id=\"1928b29\" data-element_type=\"section\">\n\t\t\t\t\t\t<div class=\"elementor-container elementor-column-gap-default\">\n\t\t\t\t\t<div class=\"elementor-column elementor-col-50 elementor-top-column elementor-element elementor-element-13bc5ee\" data-id=\"13bc5ee\" data-element_type=\"column\">\n\t\t\t<div class=\"elementor-widget-wrap elementor-element-populated\">\n\t\t\t\t\t\t<div class=\"elementor-element elementor-element-2fe542b elementor-widget elementor-widget-heading\" data-id=\"2fe542b\" data-element_type=\"widget\" data-widget_type=\"heading.default\">\n\t\t\t\t<div class=\"elementor-widget-container\">\n\t\t\t<h2 class=\"elementor-heading-title elementor-size-default\">About the firm<\/h2>\t\t<\/div>\n\t\t\t\t<\/div>\n\t\t\t\t<div class=\"elementor-element elementor-element-69a5966 elementor-widget elementor-widget-text-editor\" data-id=\"69a5966\" data-element_type=\"widget\" data-widget_type=\"text-editor.default\">\n\t\t\t\t<div class=\"elementor-widget-container\">\n\t\t\t<style>\/*! elementor - v3.22.0 - 24-06-2024 *\/\n.elementor-widget-text-editor.elementor-drop-cap-view-stacked .elementor-drop-cap{background-color:#69727d;color:#fff}.elementor-widget-text-editor.elementor-drop-cap-view-framed .elementor-drop-cap{color:#69727d;border:3px solid;background-color:transparent}.elementor-widget-text-editor:not(.elementor-drop-cap-view-default) .elementor-drop-cap{margin-top:8px}.elementor-widget-text-editor:not(.elementor-drop-cap-view-default) .elementor-drop-cap-letter{width:1em;height:1em}.elementor-widget-text-editor .elementor-drop-cap{float:left;text-align:center;line-height:1;font-size:50px}.elementor-widget-text-editor .elementor-drop-cap-letter{display:inline-block}<\/style>\t\t\t\t<p><strong>Rachadell, Rangel &amp; Moreno<\/strong> was established in 2008 by the merger of Escritorio Rachadell, and \u00c1lvarez &amp; Moreno Abogados, two firms that combined experience and professionalism. Today, after three lustrums, it is comprised of professionals with extensive public and private trajectory, with experience in academic teaching, judicial career, corporate counseling, litigation, and alternative dispute resolution. This experience provides Rachadell, Rangel &amp; Moreno with a broad knowledge of the legal needs in Latin America as well as in other latitudes. Over the years, members of the firm have participated in the representation of companies, financial and insurance institutions, as well as republics, in domestic litigation and arbitration. The creative thinking of our members has led us to develop innovative solutions for each case, with a high level of client satisfaction. Finally, we maintain professional relationships with firms in other countries, which allows an international presence and coverage for the legal services that our clients may require. In other words, we provide the client with legal advice, wherever and whenever they need it.<\/p>\t\t\t\t\t\t<\/div>\n\t\t\t\t<\/div>\n\t\t\t\t\t<\/div>\n\t\t<\/div>\n\t\t\t\t<div class=\"elementor-column elementor-col-50 elementor-top-column elementor-element elementor-element-1aaaad0\" data-id=\"1aaaad0\" data-element_type=\"column\">\n\t\t\t<div class=\"elementor-widget-wrap elementor-element-populated\">\n\t\t\t\t\t\t<div class=\"elementor-element elementor-element-cec0e30 elementor-widget elementor-widget-image\" data-id=\"cec0e30\" data-element_type=\"widget\" data-widget_type=\"image.default\">\n\t\t\t\t<div class=\"elementor-widget-container\">\n\t\t\t<style>\/*! elementor - v3.22.0 - 24-06-2024 *\/\n.elementor-widget-image{text-align:center}.elementor-widget-image a{display:inline-block}.elementor-widget-image a img[src$=\".svg\"]{width:48px}.elementor-widget-image img{vertical-align:middle;display:inline-block}<\/style>\t\t\t\t\t\t\t\t\t\t<img fetchpriority=\"high\" decoding=\"async\" width=\"800\" height=\"630\" src=\"https:\/\/rrmlegal.com\/wp-content\/uploads\/2023\/11\/about.png\" class=\"attachment-large size-large wp-image-16\" alt=\"\" srcset=\"https:\/\/rrmlegal.com\/wp-content\/uploads\/2023\/11\/about.png 800w, https:\/\/rrmlegal.com\/wp-content\/uploads\/2023\/11\/about-300x236.png 300w, https:\/\/rrmlegal.com\/wp-content\/uploads\/2023\/11\/about-768x605.png 768w, https:\/\/rrmlegal.com\/wp-content\/uploads\/2023\/11\/about-15x12.png 15w\" sizes=\"(max-width: 800px) 100vw, 800px\" \/>\t\t\t\t\t\t\t\t\t\t\t\t\t<\/div>\n\t\t\t\t<\/div>\n\t\t\t\t\t<\/div>\n\t\t<\/div>\n\t\t\t\t\t<\/div>\n\t\t<\/section>\n\t\t\t\t<section class=\"elementor-section elementor-top-section elementor-element elementor-element-ac388b5 elementor-section-content-middle elementor-section-boxed elementor-section-height-default elementor-section-height-default\" data-id=\"ac388b5\" data-element_type=\"section\">\n\t\t\t\t\t\t<div class=\"elementor-container elementor-column-gap-default\">\n\t\t\t\t\t<div class=\"elementor-column elementor-col-50 elementor-top-column elementor-element elementor-element-1aa97ce\" data-id=\"1aa97ce\" data-element_type=\"column\">\n\t\t\t<div class=\"elementor-widget-wrap elementor-element-populated\">\n\t\t\t\t\t\t<div class=\"elementor-element elementor-element-8e63567 elementor-widget elementor-widget-image\" data-id=\"8e63567\" data-element_type=\"widget\" data-widget_type=\"image.default\">\n\t\t\t\t<div class=\"elementor-widget-container\">\n\t\t\t\t\t\t\t\t\t\t\t\t\t<img decoding=\"async\" width=\"836\" height=\"609\" src=\"https:\/\/rrmlegal.com\/wp-content\/uploads\/2023\/11\/about-practica.jpg\" class=\"attachment-large size-large wp-image-62\" alt=\"\" srcset=\"https:\/\/rrmlegal.com\/wp-content\/uploads\/2023\/11\/about-practica.jpg 836w, https:\/\/rrmlegal.com\/wp-content\/uploads\/2023\/11\/about-practica-300x219.jpg 300w, https:\/\/rrmlegal.com\/wp-content\/uploads\/2023\/11\/about-practica-768x559.jpg 768w, https:\/\/rrmlegal.com\/wp-content\/uploads\/2023\/11\/about-practica-16x12.jpg 16w\" sizes=\"(max-width: 836px) 100vw, 836px\" \/>\t\t\t\t\t\t\t\t\t\t\t\t\t<\/div>\n\t\t\t\t<\/div>\n\t\t\t\t\t<\/div>\n\t\t<\/div>\n\t\t\t\t<div class=\"elementor-column elementor-col-50 elementor-top-column elementor-element elementor-element-276c9d8\" data-id=\"276c9d8\" data-element_type=\"column\">\n\t\t\t<div class=\"elementor-widget-wrap elementor-element-populated\">\n\t\t\t\t\t\t<div class=\"elementor-element elementor-element-c40baa9 elementor-widget elementor-widget-heading\" data-id=\"c40baa9\" data-element_type=\"widget\" data-widget_type=\"heading.default\">\n\t\t\t\t<div class=\"elementor-widget-container\">\n\t\t\t<h2 class=\"elementor-heading-title elementor-size-default\">Our Practice<\/h2>\t\t<\/div>\n\t\t\t\t<\/div>\n\t\t\t\t<div class=\"elementor-element elementor-element-afb3069 elementor-widget elementor-widget-text-editor\" data-id=\"afb3069\" data-element_type=\"widget\" data-widget_type=\"text-editor.default\">\n\t\t\t\t<div class=\"elementor-widget-container\">\n\t\t\t\t\t\t\t<p>Rachadell, Rangel &amp; Moreno provides personalized and excellent service to a wide variety of clients -corporate, financial, institutional, and individual- in a broad range of areas, covering the needs of those who seek our professional services in legal matters. As advisors, we strive to advise our clients in all their requirements and to satisfy the highest expectations in all our service areas, the main ones being corporate, banking and insurance, administrative and electoral law, as well as conflict resolution through arbitration and conciliation.<\/p>\t\t\t\t\t\t<\/div>\n\t\t\t\t<\/div>\n\t\t\t\t\t<\/div>\n\t\t<\/div>\n\t\t\t\t\t<\/div>\n\t\t<\/section>\n\t\t\t\t<section class=\"elementor-section elementor-top-section elementor-element elementor-element-890206a elementor-section-stretched elementor-section-boxed elementor-section-height-default elementor-section-height-default\" data-id=\"890206a\" data-element_type=\"section\" data-settings=\"{&quot;stretch_section&quot;:&quot;section-stretched&quot;,&quot;background_background&quot;:&quot;classic&quot;}\">\n\t\t\t\t\t\t<div class=\"elementor-container elementor-column-gap-default\">\n\t\t\t\t\t<div class=\"elementor-column elementor-col-50 elementor-top-column elementor-element elementor-element-311ee99\" data-id=\"311ee99\" data-element_type=\"column\" data-settings=\"{&quot;background_background&quot;:&quot;classic&quot;}\">\n\t\t\t<div class=\"elementor-widget-wrap elementor-element-populated\">\n\t\t\t\t\t<div class=\"elementor-background-overlay\"><\/div>\n\t\t\t\t\t\t<div class=\"elementor-element elementor-element-17fbaba eael-infobox-content-align-center eael-infobox-shape-square eael-infobox-hover-img-shape-square elementor-widget elementor-widget-eael-info-box\" data-id=\"17fbaba\" data-element_type=\"widget\" data-widget_type=\"eael-info-box.default\">\n\t\t\t\t<div class=\"elementor-widget-container\">\n\t\t\t        <div class=\"eael-infobox\">\n\t            <div class=\"infobox-icon\">\n\n                            <img decoding=\"async\" src=\"https:\/\/rrmlegal.com\/wp-content\/uploads\/2023\/11\/mision.png\" alt=\"\">\n            \n            \n            \n        <\/div>\n            <div class=\"infobox-content\">\n                            <h3 class=\"title\">Our Mission<\/h3>\n                                                                                                <p><p style=\"text-align: left;\">To provide the best legal advice and practice to address and resolve legal matters, based on experience, efficiency and knowledge of the law, with the objective of establishing, with each client, a relationship based on trust, integrity, professionalism and respect that guarantees the highest level of excellence and expertise.<\/p><\/p>                                                                            <\/div>\n            <\/div>\n\n\t\t\t\t<\/div>\n\t\t\t\t<\/div>\n\t\t\t\t\t<\/div>\n\t\t<\/div>\n\t\t\t\t<div class=\"elementor-column elementor-col-50 elementor-top-column elementor-element elementor-element-0e2c6fd\" data-id=\"0e2c6fd\" data-element_type=\"column\" data-settings=\"{&quot;background_background&quot;:&quot;classic&quot;}\">\n\t\t\t<div class=\"elementor-widget-wrap elementor-element-populated\">\n\t\t\t\t\t<div class=\"elementor-background-overlay\"><\/div>\n\t\t\t\t\t\t<div class=\"elementor-element elementor-element-e5c8fe7 eael-infobox-content-align-center eael-infobox-shape-square eael-infobox-hover-img-shape-square elementor-widget elementor-widget-eael-info-box\" data-id=\"e5c8fe7\" data-element_type=\"widget\" data-widget_type=\"eael-info-box.default\">\n\t\t\t\t<div class=\"elementor-widget-container\">\n\t\t\t        <div class=\"eael-infobox\">\n\t            <div class=\"infobox-icon\">\n\n                            <img decoding=\"async\" src=\"https:\/\/rrmlegal.com\/wp-content\/uploads\/2023\/11\/vision.png\" alt=\"\">\n            \n            \n            \n        <\/div>\n            <div class=\"infobox-content\">\n                            <h3 class=\"title\">Our Vision<\/h3>\n                                                                                                <p><p style=\"text-align: left;\">To become the best option for those who need legal advice and counsel and to be recognized for effective results and high quality services.<\/p><\/p>                                                                            <\/div>\n            <\/div>\n\n\t\t\t\t<\/div>\n\t\t\t\t<\/div>\n\t\t\t\t\t<\/div>\n\t\t<\/div>\n\t\t\t\t\t<\/div>\n\t\t<\/section>\n\t\t\t\t<section class=\"elementor-section elementor-top-section elementor-element elementor-element-5b7a326 elementor-section-boxed elementor-section-height-default elementor-section-height-default\" data-id=\"5b7a326\" data-element_type=\"section\">\n\t\t\t\t\t\t<div class=\"elementor-container elementor-column-gap-default\">\n\t\t\t\t\t<div class=\"elementor-column elementor-col-50 elementor-top-column elementor-element elementor-element-9f10ab1\" data-id=\"9f10ab1\" data-element_type=\"column\">\n\t\t\t<div class=\"elementor-widget-wrap elementor-element-populated\">\n\t\t\t\t\t\t<div class=\"elementor-element elementor-element-ee8e820 elementor-widget elementor-widget-image\" data-id=\"ee8e820\" data-element_type=\"widget\" data-widget_type=\"image.default\">\n\t\t\t\t<div class=\"elementor-widget-container\">\n\t\t\t\t\t\t\t\t\t\t\t\t\t<img decoding=\"async\" width=\"839\" height=\"561\" src=\"https:\/\/rrmlegal.com\/wp-content\/uploads\/2023\/11\/about-valores.jpg\" class=\"attachment-large size-large wp-image-83\" alt=\"\" srcset=\"https:\/\/rrmlegal.com\/wp-content\/uploads\/2023\/11\/about-valores.jpg 839w, https:\/\/rrmlegal.com\/wp-content\/uploads\/2023\/11\/about-valores-300x201.jpg 300w, https:\/\/rrmlegal.com\/wp-content\/uploads\/2023\/11\/about-valores-768x514.jpg 768w, https:\/\/rrmlegal.com\/wp-content\/uploads\/2023\/11\/about-valores-18x12.jpg 18w\" sizes=\"(max-width: 839px) 100vw, 839px\" \/>\t\t\t\t\t\t\t\t\t\t\t\t\t<\/div>\n\t\t\t\t<\/div>\n\t\t\t\t\t<\/div>\n\t\t<\/div>\n\t\t\t\t<div class=\"elementor-column elementor-col-50 elementor-top-column elementor-element elementor-element-4a54f83 practica\" data-id=\"4a54f83\" data-element_type=\"column\" data-settings=\"{&quot;background_background&quot;:&quot;classic&quot;}\">\n\t\t\t<div class=\"elementor-widget-wrap elementor-element-populated\">\n\t\t\t\t\t\t<div class=\"elementor-element elementor-element-c7bc984 elementor-widget elementor-widget-heading\" data-id=\"c7bc984\" data-element_type=\"widget\" data-widget_type=\"heading.default\">\n\t\t\t\t<div class=\"elementor-widget-container\">\n\t\t\t<h2 class=\"elementor-heading-title elementor-size-default\">Our Values<\/h2>\t\t<\/div>\n\t\t\t\t<\/div>\n\t\t\t\t<div class=\"elementor-element elementor-element-ededa35 elementor-widget elementor-widget-text-editor\" data-id=\"ededa35\" data-element_type=\"widget\" data-widget_type=\"text-editor.default\">\n\t\t\t\t<div class=\"elementor-widget-container\">\n\t\t\t\t\t\t\t<ul><li>Professionalism<\/li><li>Commitment<\/li><li>Honesty<\/li><li>Integrity<\/li><li>Accountability<\/li><li>Discipline<\/li><li>Efficiency<\/li><li>Confidentiality<\/li><\/ul>\t\t\t\t\t\t<\/div>\n\t\t\t\t<\/div>\n\t\t\t\t\t<\/div>\n\t\t<\/div>\n\t\t\t\t\t<\/div>\n\t\t<\/section>\n\t\t\t\t<section class=\"elementor-section elementor-top-section elementor-element elementor-element-4d9be4f elementor-section-boxed elementor-section-height-default elementor-section-height-default\" data-id=\"4d9be4f\" data-element_type=\"section\">\n\t\t\t\t\t\t<div class=\"elementor-container elementor-column-gap-default\">\n\t\t\t\t\t<div class=\"elementor-column elementor-col-50 elementor-top-column elementor-element elementor-element-9878d33 principios\" data-id=\"9878d33\" data-element_type=\"column\" data-settings=\"{&quot;background_background&quot;:&quot;classic&quot;}\">\n\t\t\t<div class=\"elementor-widget-wrap elementor-element-populated\">\n\t\t\t\t\t\t<div class=\"elementor-element elementor-element-799190c elementor-widget elementor-widget-heading\" data-id=\"799190c\" data-element_type=\"widget\" data-widget_type=\"heading.default\">\n\t\t\t\t<div class=\"elementor-widget-container\">\n\t\t\t<h2 class=\"elementor-heading-title elementor-size-default\">Principles<\/h2>\t\t<\/div>\n\t\t\t\t<\/div>\n\t\t\t\t<div class=\"elementor-element elementor-element-3fb2a37 elementor-widget elementor-widget-text-editor\" data-id=\"3fb2a37\" data-element_type=\"widget\" data-widget_type=\"text-editor.default\">\n\t\t\t\t<div class=\"elementor-widget-container\">\n\t\t\t\t\t\t\t<ul><li>The Client comes first, and their interests are ours.<\/li><li>Service with excellence and expertise is above any other option.<\/li><li>Practice and work must always be based on truth.<\/li><\/ul>\t\t\t\t\t\t<\/div>\n\t\t\t\t<\/div>\n\t\t\t\t\t<\/div>\n\t\t<\/div>\n\t\t\t\t<div class=\"elementor-column elementor-col-50 elementor-top-column elementor-element elementor-element-84d2db5\" data-id=\"84d2db5\" data-element_type=\"column\">\n\t\t\t<div class=\"elementor-widget-wrap elementor-element-populated\">\n\t\t\t\t\t\t<div class=\"elementor-element elementor-element-8173869 elementor-widget elementor-widget-image\" data-id=\"8173869\" data-element_type=\"widget\" data-widget_type=\"image.default\">\n\t\t\t\t<div class=\"elementor-widget-container\">\n\t\t\t\t\t\t\t\t\t\t\t\t\t<img loading=\"lazy\" decoding=\"async\" width=\"839\" height=\"561\" src=\"https:\/\/rrmlegal.com\/wp-content\/uploads\/2023\/11\/about-principios.jpg\" class=\"attachment-large size-large wp-image-582\" alt=\"\" srcset=\"https:\/\/rrmlegal.com\/wp-content\/uploads\/2023\/11\/about-principios.jpg 839w, https:\/\/rrmlegal.com\/wp-content\/uploads\/2023\/11\/about-principios-300x201.jpg 300w, https:\/\/rrmlegal.com\/wp-content\/uploads\/2023\/11\/about-principios-768x514.jpg 768w, https:\/\/rrmlegal.com\/wp-content\/uploads\/2023\/11\/about-principios-18x12.jpg 18w\" sizes=\"(max-width: 839px) 100vw, 839px\" \/>\t\t\t\t\t\t\t\t\t\t\t\t\t<\/div>\n\t\t\t\t<\/div>\n\t\t\t\t\t<\/div>\n\t\t<\/div>\n\t\t\t\t\t<\/div>\n\t\t<\/section>\n\t\t\t\t<\/div>","protected":false},"excerpt":{"rendered":"<p>Nosotros Acerca de la firma Rachadell, Rangel &amp; Moreno surgi\u00f3 en 2008 por la fusi\u00f3n de Escritorio Rachadell y de \u00c1lvarez &amp; Moreno Abogados, dos firmas que conjugaban experiencia y profesionalismo. Hoy, luego de tres lustros, est\u00e1 formada por profesionales de amplia trayectoria p\u00fablica y privada, con experiencia en la docencia universitaria, la carrera judicial, [&hellip;]<\/p>","protected":false},"author":1,"featured_media":0,"parent":0,"menu_order":0,"comment_status":"closed","ping_status":"closed","template":"","meta":{"footnotes":""},"class_list":["post-34","page","type-page","status-publish","hentry"],"_links":{"self":[{"href":"https:\/\/rrmlegal.com\/en\/wp-json\/wp\/v2\/pages\/34","targetHints":{"allow":["GET"]}}],"collection":[{"href":"https:\/\/rrmlegal.com\/en\/wp-json\/wp\/v2\/pages"}],"about":[{"href":"https:\/\/rrmlegal.com\/en\/wp-json\/wp\/v2\/types\/page"}],"author":[{"embeddable":true,"href":"https:\/\/rrmlegal.com\/en\/wp-json\/wp\/v2\/users\/1"}],"replies":[{"embeddable":true,"href":"https:\/\/rrmlegal.com\/en\/wp-json\/wp\/v2\/comments?post=34"}],"version-history":[{"count":157,"href":"https:\/\/rrmlegal.com\/en\/wp-json\/wp\/v2\/pages\/34\/revisions"}],"predecessor-version":[{"id":635,"href":"https:\/\/rrmlegal.com\/en\/wp-json\/wp\/v2\/pages\/34\/revisions\/635"}],"wp:attachment":[{"href":"https:\/\/rrmlegal.com\/en\/wp-json\/wp\/v2\/media?parent=34"}],"curies":[{"name":"wp","href":"https:\/\/api.w.org\/{rel}","templated":true}]}}